{"id":133,"date":"2026-01-14T14:08:11","date_gmt":"2026-01-14T13:08:11","guid":{"rendered":"https:\/\/www.steuerberaterin-nadler.de\/blog\/?page_id=133"},"modified":"2026-04-17T09:32:29","modified_gmt":"2026-04-17T07:32:29","slug":"faq","status":"publish","type":"page","link":"https:\/\/www.steuerberaterin-nadler.de\/blog\/faq\/","title":{"rendered":"FAQ"},"content":{"rendered":"<div id='av-layout-grid-1'  class='av-layout-grid-container av-9fc5h-10c46e1e5fe180c55c09382056c7573f entry-content-wrapper main_color av-flex-cells  avia-builder-el-0  el_before_av_section  avia-builder-el-first  av-cell-min-height av-cell-min-height-75  container_wrap fullsize'   data-av_minimum_height_pc='75'>\n\n<style type=\"text\/css\" data-created_by=\"avia_inline_auto\" id=\"style-css-av-2fsplh-37227d00b552590451b3c9579a70c573\">\n.flex_cell.av-2fsplh-37227d00b552590451b3c9579a70c573{\nvertical-align:middle;\n}\n.responsive #top #wrap_all .flex_cell.av-2fsplh-37227d00b552590451b3c9579a70c573{\npadding:30px 30px 30px 30px !important;\n}\n\n@media only screen and (min-width: 990px){ \n.responsive #top #wrap_all .flex_cell.av-2fsplh-37227d00b552590451b3c9579a70c573{\npadding:150px 150px 150px 150px !important;\n}\n}\n<\/style>\n<div class='flex_cell av-2fsplh-37227d00b552590451b3c9579a70c573 av-gridrow-cell av_two_fifth no_margin  avia-builder-el-1  el_before_av_cell_three_fifth  avia-builder-el-first  content-align-middle'  ><div class='flex_cell_inner'><div  class='flex_column av-26fmkd-d3739233e61a252cba057445476b8b6c av_one_full  avia-builder-el-2  avia-builder-el-no-sibling  first flex_column_div  '     ><p>\n<style type=\"text\/css\" data-created_by=\"avia_inline_auto\" id=\"style-css-av-21n7rx-92a8713cc29abbabecf68fb7f23c205d\">\n.avia-image-container.av-21n7rx-92a8713cc29abbabecf68fb7f23c205d img.avia_image{\nbox-shadow:none;\n}\n.avia-image-container.av-21n7rx-92a8713cc29abbabecf68fb7f23c205d .av-image-caption-overlay-center{\ncolor:#ffffff;\n}\n<\/style>\n<div  id=\"logo\"  class='avia-image-container av-21n7rx-92a8713cc29abbabecf68fb7f23c205d av-styling- av-img-linked avia-align-center  avia-builder-el-3  el_before_av_heading  avia-builder-el-first '   itemprop=\"image\" itemscope=\"itemscope\" itemtype=\"https:\/\/schema.org\/ImageObject\" ><div class=\"avia-image-container-inner\"><div class=\"avia-image-overlay-wrap\"><a href=\"https:\/\/www.steuerberaterin-nadler.de\/blog\/\" class='avia_image '  aria-label='steuerberater-braunschweig-logo'><img decoding=\"async\" fetchpriority=\"high\" class=\"wp-image-31 avia-img-lazy-loading-not-31 avia_image \" src=\"https:\/\/www.steuerberaterin-nadler.de\/blog\/wp-content\/uploads\/2026\/01\/steuerberater-braunschweig-logo.png\" alt=\"\" title=\"steuerberater-braunschweig-logo\" height=\"225\" width=\"500\" itemprop=\"thumbnailUrl\" srcset=\"https:\/\/www.steuerberaterin-nadler.de\/blog\/wp-content\/uploads\/2026\/01\/steuerberater-braunschweig-logo.png 500w, https:\/\/www.steuerberaterin-nadler.de\/blog\/wp-content\/uploads\/2026\/01\/steuerberater-braunschweig-logo-300x135.png 300w\" sizes=\"(max-width: 500px) 100vw, 500px\"><\/a><\/div><\/div><\/div><br \/>\n\n<style type=\"text\/css\" data-created_by=\"avia_inline_auto\" id=\"style-css-av-mke0zgsc-d312f2883907a3147bb45d3f14b6d49e\">\n#top .av-special-heading.av-mke0zgsc-d312f2883907a3147bb45d3f14b6d49e{\npadding-bottom:10px;\n}\nbody .av-special-heading.av-mke0zgsc-d312f2883907a3147bb45d3f14b6d49e .av-special-heading-tag .heading-char{\nfont-size:25px;\n}\n.av-special-heading.av-mke0zgsc-d312f2883907a3147bb45d3f14b6d49e .av-subheading{\nfont-size:15px;\n}\n<\/style>\n<div  class='av-special-heading av-mke0zgsc-d312f2883907a3147bb45d3f14b6d49e av-special-heading-h2 blockquote modern-quote modern-centered  avia-builder-el-4  el_after_av_image  el_before_av_codeblock '><h2 class='av-special-heading-tag '  itemprop=\"headline\"  >Fragen zu Steuern?<br \/>\nFinden Sie schnelle Antworten:<br \/>\n<b> Unser FAQ-Bereich<\/b><\/h2><div class=\"special-heading-border\"><div class=\"special-heading-inner-border\"><\/div><\/div><\/div><br \/>\n<\/p><\/div>\n<\/div><\/div>\n<style type=\"text\/css\" data-created_by=\"avia_inline_auto\" id=\"style-css-av-1qfhtp-4ce7f4a4bbbade058624a5a3a69e5820\">\n.flex_cell.av-1qfhtp-4ce7f4a4bbbade058624a5a3a69e5820{\nvertical-align:top;\n}\n.responsive #top #wrap_all .flex_cell.av-1qfhtp-4ce7f4a4bbbade058624a5a3a69e5820{\npadding:0px 0px 0px 0px !important;\n}\n<\/style>\n<div class='flex_cell av-1qfhtp-4ce7f4a4bbbade058624a5a3a69e5820 av-gridrow-cell av_three_fifth no_margin  avia-builder-el-6  el_after_av_cell_two_fifth  avia-builder-el-last  content-align-top av-zero-padding'  ><div class='flex_cell_inner'>\n<style type=\"text\/css\" data-created_by=\"avia_inline_auto\" id=\"style-css-av-1l2p8l-418bd0a28f309d114b93d21ce03bdfcb\">\n.flex_column.av-1l2p8l-418bd0a28f309d114b93d21ce03bdfcb{\nborder-radius:0 0 0 200px;\nheight:auto;\nmin-height:80vh;\nbackground:url(https:\/\/www.steuerberaterin-nadler.de\/blog\/wp-content\/uploads\/2026\/01\/steuerberater-braunschweig.jpg) 50% 50% no-repeat scroll ;\n}\n<\/style>\n<div  class='flex_column av-1l2p8l-418bd0a28f309d114b93d21ce03bdfcb av_one_full  avia-builder-el-7  avia-builder-el-no-sibling  first flex_column_div avia-full-stretch  '     ><\/div>\n<\/div><\/div><\/div><div id='av_section_1'  class='avia-section av-1cz9q5-84252888ddfc4c4fdf5b62c75b1d0fbe main_color avia-section-default avia-no-border-styling  avia-builder-el-8  el_after_av_layout_row  el_before_av_section  avia-bg-style-scroll container_wrap fullsize'  ><div class='container av-section-cont-open' ><div class='template-page content  av-content-full alpha units'><div class='post-entry post-entry-type-page post-entry-133'><div class='entry-content-wrapper clearfix'>\n\n<style type=\"text\/css\" data-created_by=\"avia_inline_auto\" id=\"style-css-av-18le31-2446fdb56aa789b77ff6ec3e7bf53f0e\">\n.flex_column.av-18le31-2446fdb56aa789b77ff6ec3e7bf53f0e{\nposition:absolute;\ntop:0px;\nright:0px;\nz-index:2;\nborder-radius:0 0 0 30px;\npadding:20px 20px 20px 20px;\nbackground-color:#fcc300;\n}\n<\/style>\n<div  id=\"stoerer\"  class='flex_column av-18le31-2446fdb56aa789b77ff6ec3e7bf53f0e av_one_fifth  avia-builder-el-9  avia-builder-el-no-sibling  first flex_column_div av-custom-positioned  '     ><p>\n<style type=\"text\/css\" data-created_by=\"avia_inline_auto\" id=\"style-css-av-148zol-f25ea0ec66fadfaee2cf83d32b588793\">\n#top .av-special-heading.av-148zol-f25ea0ec66fadfaee2cf83d32b588793{\npadding-bottom:10px;\ncolor:#ffffff;\n}\nbody .av-special-heading.av-148zol-f25ea0ec66fadfaee2cf83d32b588793 .av-special-heading-tag .heading-char{\nfont-size:25px;\n}\n.av-special-heading.av-148zol-f25ea0ec66fadfaee2cf83d32b588793 .special-heading-inner-border{\nborder-color:#ffffff;\n}\n.av-special-heading.av-148zol-f25ea0ec66fadfaee2cf83d32b588793 .av-subheading{\nfont-size:15px;\n}\n<\/style>\n<div  class='av-special-heading av-148zol-f25ea0ec66fadfaee2cf83d32b588793 av-special-heading-h3 custom-color-heading blockquote modern-quote modern-centered  avia-builder-el-10  el_before_av_button  avia-builder-el-first '><h3 class='av-special-heading-tag '  itemprop=\"headline\"  >Wir stellen ein<\/h3><div class=\"special-heading-border\"><div class=\"special-heading-inner-border\"><\/div><\/div><\/div><br \/>\n<div  class='avia-button-wrap av-xmxgt-e692cef74146e3aada8b869932eafa0a-wrap avia-button-center  avia-builder-el-11  el_after_av_heading  avia-builder-el-last '><a href=\"http:\/\/www.gesucht-steuerfachkraft.de\/\" class=\"avia-button av-xmxgt-e692cef74146e3aada8b869932eafa0a av-link-btn avia-icon_select-no avia-size-small avia-position-center avia-color-theme-color\" target=\"_blank\" rel=\"noopener noreferrer\" aria-label=\"Jetzt bewerben\"><span class='avia_iconbox_title' >Jetzt bewerben<\/span><\/a><\/div><\/p><\/div>\n<\/p>\n<\/div><\/div><\/div><!-- close content main div --><\/div><\/div><div id='faq'  class='avia-section av-q0gal-89e238ca3e3207109ef296d53e3c67da main_color avia-section-default avia-no-border-styling  avia-builder-el-12  el_after_av_section  avia-builder-el-last  avia-bg-style-scroll container_wrap fullsize'  ><div class='container av-section-cont-open' ><div class='template-page content  av-content-full alpha units'><div class='post-entry post-entry-type-page post-entry-133'><div class='entry-content-wrapper clearfix'>\n<div  class='flex_column av-2c671-2836aa1e6c10586475ed2e6f19050612 av_one_fourth  avia-builder-el-13  el_before_av_one_half  avia-builder-el-first  first flex_column_div  '     ><\/div><div  class='flex_column av-ftdsd-d7331fe3d4e58bdc6e255f3dc96c9fad av_one_half  avia-builder-el-14  el_after_av_one_fourth  el_before_av_one_fourth  flex_column_div  '     ><p>\n<style type=\"text\/css\" data-created_by=\"avia_inline_auto\" id=\"style-css-av-mke1asa5-9dbf2b7070023c6556bf23a8e9c9bd1c\">\n#top .av-special-heading.av-mke1asa5-9dbf2b7070023c6556bf23a8e9c9bd1c{\npadding-bottom:10px;\n}\nbody .av-special-heading.av-mke1asa5-9dbf2b7070023c6556bf23a8e9c9bd1c .av-special-heading-tag .heading-char{\nfont-size:25px;\n}\n.av-special-heading.av-mke1asa5-9dbf2b7070023c6556bf23a8e9c9bd1c .av-subheading{\nfont-size:15px;\n}\n<\/style>\n<div  class='av-special-heading av-mke1asa5-9dbf2b7070023c6556bf23a8e9c9bd1c av-special-heading-h1 blockquote modern-quote modern-centered  avia-builder-el-15  el_before_av_toggle_container  avia-builder-el-first '><h1 class='av-special-heading-tag '  itemprop=\"headline\"  ><b>FAQ<\/b> &#8211; Frequently asked questions<\/h1><div class=\"special-heading-border\"><div class=\"special-heading-inner-border\"><\/div><\/div><\/div><br \/>\n\n<style type=\"text\/css\" data-created_by=\"avia_inline_auto\" id=\"style-css-av-mke1dey1-6647ba148c2e6e826080f88a86d56508\">\n#top .togglecontainer.av-mke1dey1-6647ba148c2e6e826080f88a86d56508 p.toggler .toggle_icon{\ncolor:#6a71a8;\nborder-color:#6a71a8;\n}\n#top .togglecontainer.av-mke1dey1-6647ba148c2e6e826080f88a86d56508 p.toggler .toggle_icon > span{\ncolor:#6a71a8;\nborder-color:#6a71a8;\n}\n<\/style>\n<div  class='togglecontainer av-mke1dey1-6647ba148c2e6e826080f88a86d56508 av-elegant-toggle  avia-builder-el-16  el_after_av_heading  avia-builder-el-last  toggle_close_all' >\n<section class='av_toggle_section av-mke1bef3-9a10eff4a15528d626c69ac5beb11e83'  itemscope=\"itemscope\" itemtype=\"https:\/\/schema.org\/CreativeWork\" ><div role=\"tablist\" class=\"single_toggle\" data-tags=\"{Alle} \"  ><p id='toggle-toggle-id-1' data-fake-id='#toggle-id-1' class='toggler  av-title-above '  itemprop=\"headline\"  role='tab' tabindex='0' aria-controls='toggle-id-1' data-slide-speed=\"200\" data-title=\"Welche Leistungen bietet Steuerberaterin Monika Nadler an?\" data-title-open=\"\" data-aria_collapsed=\"Click to expand: Welche Leistungen bietet Steuerberaterin Monika Nadler an?\" data-aria_expanded=\"Click to collapse: Welche Leistungen bietet Steuerberaterin Monika Nadler an?\">Welche Leistungen bietet Steuerberaterin Monika Nadler an?<span class=\"toggle_icon\"><span class=\"vert_icon\"><\/span><span class=\"hor_icon\"><\/span><\/span><\/p><div id='toggle-id-1' aria-labelledby='toggle-toggle-id-1' role='region' class='toggle_wrap  av-title-above'  ><div class='toggle_content invers-color '  itemprop=\"text\" ><p>Wir bieten eine breite Palette an Steuerberatungsdienstleistungen an, darunter Finanzbuchhaltung, Lohn- und Gehaltsabrechnungen (inkl. Baulohn), Jahresabschl\u00fcsse und Steuererkl\u00e4rungen. Dar\u00fcber hinaus unterst\u00fctzen wir bei betriebswirtschaftlichen Beratungen und Existenzgr\u00fcndungen.<\/p>\n<\/div><\/div><\/div><\/section>\n<section class='av_toggle_section av-mke1bn7i-917c4987660af5b2043bce8eb1bca7f6'  itemscope=\"itemscope\" itemtype=\"https:\/\/schema.org\/CreativeWork\" ><div role=\"tablist\" class=\"single_toggle\" data-tags=\"{Alle} \"  ><p id='toggle-toggle-id-2' data-fake-id='#toggle-id-2' class='toggler  av-title-above '  itemprop=\"headline\"  role='tab' tabindex='0' aria-controls='toggle-id-2' data-slide-speed=\"200\" data-title=\"Kann Steuerberaterin Monika Nadler bei der Wahl der optimalen Rechtsform f\u00fcr mein Unternehmen helfen?\" data-title-open=\"\" data-aria_collapsed=\"Click to expand: Kann Steuerberaterin Monika Nadler bei der Wahl der optimalen Rechtsform f\u00fcr mein Unternehmen helfen?\" data-aria_expanded=\"Click to collapse: Kann Steuerberaterin Monika Nadler bei der Wahl der optimalen Rechtsform f\u00fcr mein Unternehmen helfen?\">Kann Steuerberaterin Monika Nadler bei der Wahl der optimalen Rechtsform f\u00fcr mein Unternehmen helfen?<span class=\"toggle_icon\"><span class=\"vert_icon\"><\/span><span class=\"hor_icon\"><\/span><\/span><\/p><div id='toggle-id-2' aria-labelledby='toggle-toggle-id-2' role='region' class='toggle_wrap  av-title-above'  ><div class='toggle_content invers-color '  itemprop=\"text\" ><p>Ja, wir bieten umfassende Beratung zur Wahl der optimalen Rechtsform f\u00fcr Ihr Unternehmen. Wir helfen Ihnen, die richtige Entscheidung basierend auf steuerlichen, finanziellen und rechtlichen Aspekten zu treffen.<\/p>\n<\/div><\/div><\/div><\/section>\n<section class='av_toggle_section av-mke1bwpp-8d276e17e25e8a358eb88c867429d751'  itemscope=\"itemscope\" itemtype=\"https:\/\/schema.org\/CreativeWork\" ><div role=\"tablist\" class=\"single_toggle\" data-tags=\"{Alle} \"  ><p id='toggle-toggle-id-3' data-fake-id='#toggle-id-3' class='toggler  av-title-above '  itemprop=\"headline\"  role='tab' tabindex='0' aria-controls='toggle-id-3' data-slide-speed=\"200\" data-title=\"Kann Steuerberaterin Monika Nadler bei der Gr\u00fcndung einer GmbH oder UG helfen?\" data-title-open=\"\" data-aria_collapsed=\"Click to expand: Kann Steuerberaterin Monika Nadler bei der Gr\u00fcndung einer GmbH oder UG helfen?\" data-aria_expanded=\"Click to collapse: Kann Steuerberaterin Monika Nadler bei der Gr\u00fcndung einer GmbH oder UG helfen?\">Kann Steuerberaterin Monika Nadler bei der Gr\u00fcndung einer GmbH oder UG helfen?<span class=\"toggle_icon\"><span class=\"vert_icon\"><\/span><span class=\"hor_icon\"><\/span><\/span><\/p><div id='toggle-id-3' aria-labelledby='toggle-toggle-id-3' role='region' class='toggle_wrap  av-title-above'  ><div class='toggle_content invers-color '  itemprop=\"text\" ><p>Ja, wir unterst\u00fctzen bei der Gr\u00fcndung von GmbHs und UGs, einschlie\u00dflich der steuerlichen Anmeldung und Beratung zu den damit verbundenen rechtlichen und steuerlichen Aspekten.<\/p>\n<\/div><\/div><\/div><\/section>\n<section class='av_toggle_section av-mke1c4uf-ada7ad853f9ff489e918f24988c134f8'  itemscope=\"itemscope\" itemtype=\"https:\/\/schema.org\/CreativeWork\" ><div role=\"tablist\" class=\"single_toggle\" data-tags=\"{Alle} \"  ><p id='toggle-toggle-id-4' data-fake-id='#toggle-id-4' class='toggler  av-title-above '  itemprop=\"headline\"  role='tab' tabindex='0' aria-controls='toggle-id-4' data-slide-speed=\"200\" data-title=\"Bietet Monika Nadler Beratung zur Steueroptimierung von Gehaltsmodellen an?\" data-title-open=\"\" data-aria_collapsed=\"Click to expand: Bietet Monika Nadler Beratung zur Steueroptimierung von Gehaltsmodellen an?\" data-aria_expanded=\"Click to collapse: Bietet Monika Nadler Beratung zur Steueroptimierung von Gehaltsmodellen an?\">Bietet Monika Nadler Beratung zur Steueroptimierung von Gehaltsmodellen an?<span class=\"toggle_icon\"><span class=\"vert_icon\"><\/span><span class=\"hor_icon\"><\/span><\/span><\/p><div id='toggle-id-4' aria-labelledby='toggle-toggle-id-4' role='region' class='toggle_wrap  av-title-above'  ><div class='toggle_content invers-color '  itemprop=\"text\" ><p>Ja, wir bieten Beratung zu steueroptimierten Gehaltsmodellen und anderen steuerlichen Themen im Rahmen der Lohn- und Gehaltsabrechnung sowie betriebswirtschaftlicher Beratung an.<\/p>\n<\/div><\/div><\/div><\/section>\n<section class='av_toggle_section av-mke1cd4f-83ec8c10e3eae948a7f58217dd69377a'  itemscope=\"itemscope\" itemtype=\"https:\/\/schema.org\/CreativeWork\" ><div role=\"tablist\" class=\"single_toggle\" data-tags=\"{Alle} \"  ><p id='toggle-toggle-id-5' data-fake-id='#toggle-id-5' class='toggler  av-title-above '  itemprop=\"headline\"  role='tab' tabindex='0' aria-controls='toggle-id-5' data-slide-speed=\"200\" data-title=\"Kann Monika Nadler bei Betriebspr\u00fcfungen unterst\u00fctzen?\" data-title-open=\"\" data-aria_collapsed=\"Click to expand: Kann Monika Nadler bei Betriebspr\u00fcfungen unterst\u00fctzen?\" data-aria_expanded=\"Click to collapse: Kann Monika Nadler bei Betriebspr\u00fcfungen unterst\u00fctzen?\">Kann Monika Nadler bei Betriebspr\u00fcfungen unterst\u00fctzen?<span class=\"toggle_icon\"><span class=\"vert_icon\"><\/span><span class=\"hor_icon\"><\/span><\/span><\/p><div id='toggle-id-5' aria-labelledby='toggle-toggle-id-5' role='region' class='toggle_wrap  av-title-above'  ><div class='toggle_content invers-color '  itemprop=\"text\" ><p>Ja, wir bieten Unterst\u00fctzung bei Betriebspr\u00fcfungen und helfen, die erforderlichen Unterlagen vorzubereiten sowie die Kommunikation mit den Finanzbeh\u00f6rden zu \u00fcbernehmen.<\/p>\n<\/div><\/div><\/div><\/section>\n<section class='av_toggle_section av-mke1cm0t-d507e6bfa1b82e3099c8731ded426824'  itemscope=\"itemscope\" itemtype=\"https:\/\/schema.org\/CreativeWork\" ><div role=\"tablist\" class=\"single_toggle\" data-tags=\"{Alle} \"  ><p id='toggle-toggle-id-6' data-fake-id='#toggle-id-6' class='toggler  av-title-above '  itemprop=\"headline\"  role='tab' tabindex='0' aria-controls='toggle-id-6' data-slide-speed=\"200\" data-title=\"Welche Branchen betreut Steuerberaterin Monika Nadler?\" data-title-open=\"\" data-aria_collapsed=\"Click to expand: Welche Branchen betreut Steuerberaterin Monika Nadler?\" data-aria_expanded=\"Click to collapse: Welche Branchen betreut Steuerberaterin Monika Nadler?\">Welche Branchen betreut Steuerberaterin Monika Nadler?<span class=\"toggle_icon\"><span class=\"vert_icon\"><\/span><span class=\"hor_icon\"><\/span><\/span><\/p><div id='toggle-id-6' aria-labelledby='toggle-toggle-id-6' role='region' class='toggle_wrap  av-title-above'  ><div class='toggle_content invers-color '  itemprop=\"text\" ><p>Wir bieten unsere Dienstleistungen f\u00fcr Unternehmen aus verschiedenen Branchen an, darunter Handwerksbetriebe. Unser Fokus liegt auf der allgemeinen steuerlichen Beratung und betriebswirtschaftlichen Auswertungen.<\/p>\n<\/div><\/div><\/div><\/section>\n<section class='av_toggle_section av-mke1cur0-ca1001fe23519d3c2929596b948b45f2'  itemscope=\"itemscope\" itemtype=\"https:\/\/schema.org\/CreativeWork\" ><div role=\"tablist\" class=\"single_toggle\" data-tags=\"{Alle} \"  ><p id='toggle-toggle-id-7' data-fake-id='#toggle-id-7' class='toggler  av-title-above '  itemprop=\"headline\"  role='tab' tabindex='0' aria-controls='toggle-id-7' data-slide-speed=\"200\" data-title=\"Wie schnell kann ich einen Termin f\u00fcr eine Erstberatung bei Monika Nadler erhalten?\" data-title-open=\"\" data-aria_collapsed=\"Click to expand: Wie schnell kann ich einen Termin f\u00fcr eine Erstberatung bei Monika Nadler erhalten?\" data-aria_expanded=\"Click to collapse: Wie schnell kann ich einen Termin f\u00fcr eine Erstberatung bei Monika Nadler erhalten?\">Wie schnell kann ich einen Termin f\u00fcr eine Erstberatung bei Monika Nadler erhalten?<span class=\"toggle_icon\"><span class=\"vert_icon\"><\/span><span class=\"hor_icon\"><\/span><\/span><\/p><div id='toggle-id-7' aria-labelledby='toggle-toggle-id-7' role='region' class='toggle_wrap  av-title-above'  ><div class='toggle_content invers-color '  itemprop=\"text\" ><p>Wir bem\u00fchen uns, Ihnen schnellstm\u00f6glich einen Termin f\u00fcr eine Erstberatung anzubieten. Die Wartezeiten k\u00f6nnen je nach aktueller Auslastung variieren, daher empfehlen wir, direkt Kontakt mit uns aufzunehmen, um den n\u00e4chsten verf\u00fcgbaren Termin zu vereinbaren.<\/p>\n<\/div><\/div><\/div><\/section>\n<\/div><\/p><\/div><div  class='flex_column av-8s3qd-01c92cc5a8fca5374598dd12adc915e3 av_one_fourth  avia-builder-el-17  el_after_av_one_half  avia-builder-el-last  flex_column_div  '     ><\/div>\n\n","protected":false},"excerpt":{"rendered":"","protected":false},"author":2,"featured_media":0,"parent":0,"menu_order":0,"comment_status":"closed","ping_status":"closed","template":"","meta":{"footnotes":""},"class_list":["post-133","page","type-page","status-publish","hentry"],"_links":{"self":[{"href":"https:\/\/www.steuerberaterin-nadler.de\/blog\/wp-json\/wp\/v2\/pages\/133","targetHints":{"allow":["GET"]}}],"collection":[{"href":"https:\/\/www.steuerberaterin-nadler.de\/blog\/wp-json\/wp\/v2\/pages"}],"about":[{"href":"https:\/\/www.steuerberaterin-nadler.de\/blog\/wp-json\/wp\/v2\/types\/page"}],"author":[{"embeddable":true,"href":"https:\/\/www.steuerberaterin-nadler.de\/blog\/wp-json\/wp\/v2\/users\/2"}],"replies":[{"embeddable":true,"href":"https:\/\/www.steuerberaterin-nadler.de\/blog\/wp-json\/wp\/v2\/comments?post=133"}],"version-history":[{"count":5,"href":"https:\/\/www.steuerberaterin-nadler.de\/blog\/wp-json\/wp\/v2\/pages\/133\/revisions"}],"predecessor-version":[{"id":647,"href":"https:\/\/www.steuerberaterin-nadler.de\/blog\/wp-json\/wp\/v2\/pages\/133\/revisions\/647"}],"wp:attachment":[{"href":"https:\/\/www.steuerberaterin-nadler.de\/blog\/wp-json\/wp\/v2\/media?parent=133"}],"curies":[{"name":"wp","href":"https:\/\/api.w.org\/{rel}","templated":true}]}}